{"id":181,"date":"2025-12-18T14:10:43","date_gmt":"2025-12-18T14:10:43","guid":{"rendered":"https:\/\/bijouxdevalou.fr\/?page_id=181"},"modified":"2026-01-04T16:45:48","modified_gmt":"2026-01-04T16:45:48","slug":"lelegance-au-quotidien","status":"publish","type":"page","link":"https:\/\/bijouxdevalou.fr\/","title":{"rendered":""},"content":{"rendered":"\n<p class=\"has-text-align-center has-text-color has-link-color has-large-font-size wp-elements-1b80f74c7d4da2bda1fc3c2df009dc8d\" style=\"color:#f093ac;font-style:normal;font-weight:400\"><strong><em>L&rsquo;\u00e9l\u00e9gance au Quotidien<\/em><\/strong><\/p>\n\n\n\n<p class=\"has-text-align-center has-pale-pink-color has-text-color has-link-color has-medium-font-size wp-elements-9ccfd7ed45a83fe59b4909caa5851200\" style=\"font-style:normal;font-weight:400\"><em>Ajoutez une touche de magie \u00e0 votre style avec nos bracelets en acier inoxydable, magnifiquement sertis de cristaux \u00e9tincelants. Con\u00e7us pour allier \u00e9l\u00e9gance et r\u00e9sistance, ces bijoux sont parfaits pour toutes les occasions. Offrez-vous le luxe d&rsquo;un accessoire qui brille de mille feux tout en restant robuste au quotidien. Que ce soit pour vous ou un cadeau inoubliable, laissez-vous s\u00e9duire par la beaut\u00e9 intemporelle de nos bracelets<\/em><\/p>\n\n\n\n<p class=\"has-text-align-center has-pale-pink-color has-text-color has-link-color has-medium-font-size wp-elements-2e1498eefd82330c517ec13a33284547\"><em>D\u00e9couvrez nos bracelets en pierre naturelle qui allient \u00e9l\u00e9gance et bien-\u00eatre. Chaque pi\u00e8ce est unique et porte des \u00e9nergies puissantes pour vous accompagner au quotidien. Profitez de nos cr\u00e9ations artisanales pour sublimer votre style tout en vous reconnectant \u00e0 la nature<\/em><\/p>\n\n\n\n<p class=\"has-text-align-center has-pale-pink-color has-text-color has-link-color wp-elements-1bf1b566f14aa238e75430ae5be35109\"><em>Je vous souhaite une visite plus qu&rsquo;agr\u00e9able<\/em><\/p>\n\n\n\n<p class=\"has-text-align-center has-text-color has-link-color has-small-font-size wp-elements-e7d46ffc7a39998c598023693d36af91\" style=\"color:#cc8095;font-style:normal;font-weight:400\">Pour retrouver toutes nos cr\u00e9ations, rendez vous sur l&rsquo;onglet \u00ab\u00a0Bracelet\u00a0\u00bb<\/p>\n\n\n\n<figure class=\"wp-block-image size-large\"><img loading=\"lazy\" decoding=\"async\" width=\"1024\" height=\"1024\" src=\"https:\/\/bijouxdevalou.fr\/wp-content\/uploads\/2025\/12\/10-1024x1024.png\" alt=\"\" class=\"wp-image-184\" srcset=\"https:\/\/bijouxdevalou.fr\/wp-content\/uploads\/2025\/12\/10-1024x1024.png 1024w, https:\/\/bijouxdevalou.fr\/wp-content\/uploads\/2025\/12\/10-300x300.png 300w, https:\/\/bijouxdevalou.fr\/wp-content\/uploads\/2025\/12\/10-150x150.png 150w, https:\/\/bijouxdevalou.fr\/wp-content\/uploads\/2025\/12\/10-768x768.png 768w, https:\/\/bijouxdevalou.fr\/wp-content\/uploads\/2025\/12\/10-600x600.png 600w, https:\/\/bijouxdevalou.fr\/wp-content\/uploads\/2025\/12\/10-100x100.png 100w, https:\/\/bijouxdevalou.fr\/wp-content\/uploads\/2025\/12\/10.png 1080w\" sizes=\"auto, (max-width: 1024px) 100vw, 1024px\" \/><\/figure>\n","protected":false},"excerpt":{"rendered":"<p>L&rsquo;\u00e9l\u00e9gance au Quotidien Ajoutez une touche de magie \u00e0 votre style avec nos bracelets en &hellip; <\/p>\n","protected":false},"author":1,"featured_media":0,"parent":0,"menu_order":0,"comment_status":"closed","ping_status":"closed","template":"","meta":{"footnotes":""},"class_list":["post-181","page","type-page","status-publish","hentry","latest_post"],"jetpack_sharing_enabled":true,"_links":{"self":[{"href":"https:\/\/bijouxdevalou.fr\/index.php?rest_route=\/wp\/v2\/pages\/181","targetHints":{"allow":["GET"]}}],"collection":[{"href":"https:\/\/bijouxdevalou.fr\/index.php?rest_route=\/wp\/v2\/pages"}],"about":[{"href":"https:\/\/bijouxdevalou.fr\/index.php?rest_route=\/wp\/v2\/types\/page"}],"author":[{"embeddable":true,"href":"https:\/\/bijouxdevalou.fr\/index.php?rest_route=\/wp\/v2\/users\/1"}],"replies":[{"embeddable":true,"href":"https:\/\/bijouxdevalou.fr\/index.php?rest_route=%2Fwp%2Fv2%2Fcomments&post=181"}],"version-history":[{"count":8,"href":"https:\/\/bijouxdevalou.fr\/index.php?rest_route=\/wp\/v2\/pages\/181\/revisions"}],"predecessor-version":[{"id":343,"href":"https:\/\/bijouxdevalou.fr\/index.php?rest_route=\/wp\/v2\/pages\/181\/revisions\/343"}],"wp:attachment":[{"href":"https:\/\/bijouxdevalou.fr\/index.php?rest_route=%2Fwp%2Fv2%2Fmedia&parent=181"}],"curies":[{"name":"wp","href":"https:\/\/api.w.org\/{rel}","templated":true}]}}