{"id":346,"date":"2026-01-04T16:48:48","date_gmt":"2026-01-04T16:48:48","guid":{"rendered":"https:\/\/bijouxdevalou.fr\/?post_type=product&#038;p=346"},"modified":"2026-01-10T10:11:30","modified_gmt":"2026-01-10T10:11:30","slug":"labradorite-turquoise","status":"publish","type":"product","link":"https:\/\/bijouxdevalou.fr\/?product=labradorite-turquoise","title":{"rendered":"Labradorite &#038; Turquoise"},"content":{"rendered":"<p><em>Bracelet fait main<\/em><\/p>\n<p><em>En acier inoxydable, serti de pierre naturelle : Labradorite et Turquoise<\/em><\/p>\n<p><em>Version argent\u00e9, et disponible en version dor\u00e9<\/em><\/p>\n<p><em>Taille : 15,5 cm + 5 cm de rallonge<\/em><\/p>\n<p style=\"text-align: center;\">~<\/p>\n<p>\u2022 Labradorite : PROTECTION R\u00c9CONFORT BIEN-\u00caTRE<\/p>\n<p>Comme la pierre d&rsquo;Oeil de Tigre, la pierre de Labradorite est un tr\u00e8s fort bouclier \u00e9nerg\u00e9tique. Elle emp\u00eache les mauvaises \u00e9nergies de vous atteindre en les absorbant. En apportant s\u00e9curit\u00e9, elle favorise le calme int\u00e9rieur. Pierre de r\u00e9confort, elle favorise la relaxation, l&rsquo;harmonie et le bien-\u00eatre autant mental que physique. Elle amplifie \u00e9galement l&rsquo;attrait physique envers autrui.<\/p>\n<p>La pierre de Labradorite, grise, une couleur froide et neutre. Elle repr\u00e9sente la douceur, la s\u00e9r\u00e9nit\u00e9 mais aussi l\u2019\u00e9l\u00e9gance et la modernit\u00e9. Discr\u00e8te, elle inspire le s\u00e9rieux, la fiabilit\u00e9 et le savoir. Elle peut parfois exprimer la tristesse, la peine, la m\u00e9lancolie et l\u2019ennui. Lorsqu\u2019elle est m\u00e9tallis\u00e9e, elle repr\u00e9sente l\u2019\u00e9l\u00e9gance et la gr\u00e2ce.<\/p>\n<p>La pierre de Labradorite est li\u00e9e aux signes : Lion, Scorpion, Sagittaire. C&rsquo;est \u00e9galement la pierre de naissance du mois de Septembre, elle est donc conseill\u00e9e \u00e0 la Balance et la Vierge, elle va lib\u00e9rer les tensions \u00e9motionnelles avec ce fort bouclier \u00e9nerg\u00e9tique.<\/p>\n<p>SUR LE PLAN MENTAL :<\/p>\n<p>Outre son effet protecteur, la pierre de Labradorite est d\u00e9fatiguante, on la portera lors de grosses fatigues, ou d\u2019\u00e9puisements. Souvent lorsque nous sommes en contact avec une personne malade ou \u00e9nerg\u00e9tiquement en d\u00e9s\u00e9quilibre cela nous impacte plus ou moins profond\u00e9ment suivant la sensibilit\u00e9 de chacun.<\/p>\n<p>SUR LE PLAN PHYSIQUE :<\/p>\n<p>Elle facilite la digestion et apaise les douleurs abdominales. La pierre Labradorite renforce le syst\u00e8me immunitaire. Elle stimule la circulation sanguine et contribue \u00e0 la bonne sant\u00e9 des art\u00e8res.<br \/>\nLa pierre de Labradorite agit \u00e9galement sur les troubles hormonaux, sur la vision, et aide \u00e0 r\u00e9soudre les probl\u00e8mes cutan\u00e9s (\u00e0 poser directement sur la peau ou en frottant l\u00e9g\u00e8rement). Puissante et protectrice, la pierre de Labradorite poss\u00e8de une action positive sur tous les organes du corps.<\/p>\n<p>PURIFICATION :<\/p>\n<p>Vous pouvez purifier \u00e0 l&rsquo;aide de bois de palo santo ou encore d&rsquo;encens de sauge blanche en passant vos bijoux directement sous la fum\u00e9e, vous pouvez \u00e9galement les purifier \u00e0 l&rsquo;eau d\u00e9min\u00e9ralis\u00e9e.<\/p>\n<p>RECHARGEMENT :<\/p>\n<p>Une fois la purification effectu\u00e9e je vous recommande de d\u00e9poser vos bijoux directement sur une fleur de vie, une g\u00e9ode de quartz, ou bien de les recharger \u00e0 la lumi\u00e8re lunaire.<\/p>\n<p style=\"text-align: center;\">~<\/p>\n<p>\u2022 Turquoise : \u00c9QUILIBRE HARMONIE<\/p>\n<p>Symbole de protection et de sagesse, cette pierre fine fascine depuis l&rsquo;Antiquit\u00e9. En \u00c9gypte, les pharaons la portaient pour attirer le hasard et le pouvoir. Chez les Am\u00e9rindiens, cette pierre sacr\u00e9e servait talisman contre les \u00e9nergies n\u00e9gatives et renfor\u00e7ait la connexion spirituelle.<\/p>\n<p>En lithoth\u00e9rapie, elle incarne l&rsquo;\u00e9quilibre et l&rsquo;harmonie. Son \u00e9nergie stabilise les \u00e9motions, favorise la communication et purifie l&rsquo;esprit. Associ\u00e9e au chakra de la gorge , elle lib\u00e8re la parole et renforce l&rsquo;intuition. Aujourd&rsquo;hui encore, elle reste une pierre pr\u00e9cieuse pour apaiser et prot\u00e9ger.<\/p>\n<p>En plus d\u2019apaiser les col\u00e8res et d\u2019harmoniser les chakras, ce min\u00e9ral bleu prot\u00e8ge contre les \u00e9nergies n\u00e9gatives. De plus, elle favorise aussi la communication, stabilise l\u2019humeur et renforce l\u2019intuition. Mais ce n\u2019est pas tout ! Cette pierre soutient le syst\u00e8me immunitaire, aide \u00e0 d\u00e9toxifier l\u2019organisme et soulage certaines douleurs physiques.<\/p>\n<p>La Turquoise est \u00e9galement associ\u00e9e aux signes astrologiques du Verseau, des Poissons, des G\u00e9meaux, du Sagittaire, de la Balance et du Scorpion. C&rsquo;est aussi la pierre de naissance de d\u00e9cembre et la pierre id\u00e9ale pour f\u00eater les 11 ans de mariage.<\/p>\n<p>SUR LE PLAN MENTAL :<\/p>\n<p>La Turquoise est connue pour ses nombreux bienfaits communicatifs et r\u00e9g\u00e9n\u00e9rants. Elle fluidifie la parole et favorise l&rsquo;expression de soi, la communication et surtout l&rsquo;\u00e9coute des autres. La Turquoise apporte des bienfaits relaxants pour am\u00e9liorer le sommeil. Enfin, on dit que cette pierre naturelle prot\u00e8ge l&rsquo;usager des mauvaises ondes. Elle permet de calmer les col\u00e8res et d\u00e9veloppant l&#8217;empathie, et d&rsquo;absorber les mauvaises \u00e9nergies et de les convertir en \u00e9nergies positives.<\/p>\n<p>SUR LE PLAN PHYSIQUE :<\/p>\n<p>La pierre naturelle Turquoise est consid\u00e9r\u00e9e en lithoth\u00e9rapie comme une pierre purificatrice et apaisante. Elle fluidifie la circulation sanguine et am\u00e9liore les organes du corps. De plus, la pierre aide \u00e0 r\u00e9g\u00e9n\u00e9rer et apaiser les blessures et les douleurs. La Turquoise peut \u00e9galement am\u00e9liorer la gestion de l&rsquo;alimentation.<\/p>\n<p>PURIFICATION :<\/p>\n<p>&#8211; Rincer la pierre dans de l&rsquo;eau distill\u00e9e non sal\u00e9e pendant un court instant avant d&rsquo;utiliser un chiffon doux afin de s\u00e9cher d\u00e9licatement la pierre,<br \/>\n&#8211; Purifier celle-ci \u00e0 l&rsquo;aide de la fumigation, en pla\u00e7ant la Turquoise dans la fum\u00e9e d&rsquo;herbes purifiantes pendant quelques minutes.<\/p>\n<p>RECHARGEMENT :<\/p>\n<p>&#8211; Recharger la pierre naturelle gr\u00e2ce \u00e0 quelques rayons solaires pendant un certain temps,<br \/>\n&#8211; Enfouir la Turquoise dans la terre pendant une journ\u00e9e enti\u00e8re pour la recharger, puis la rincer pour retirer les salet\u00e9s restantes,<br \/>\n&#8211; Placer un amas de quartz \u00e0 ses c\u00f4t\u00e9s pour la recharger.<\/p>\n","protected":false},"excerpt":{"rendered":"<p>Bracelet fait main En acier inoxydable, serti de pierre naturelle : Labradorite et Turquoise Version &hellip; <\/p>\n","protected":false},"featured_media":319,"comment_status":"open","ping_status":"closed","template":"","meta":[],"product_brand":[],"product_cat":[67],"product_tag":[],"class_list":{"0":"post-346","1":"product","2":"type-product","3":"status-publish","4":"has-post-thumbnail","6":"product_cat-bracelet-pierre-naturelle","7":"latest_post","9":"first","10":"instock","11":"shipping-taxable","12":"purchasable","13":"product-type-simple"},"jetpack_sharing_enabled":true,"_links":{"self":[{"href":"https:\/\/bijouxdevalou.fr\/index.php?rest_route=\/wp\/v2\/product\/346","targetHints":{"allow":["GET"]}}],"collection":[{"href":"https:\/\/bijouxdevalou.fr\/index.php?rest_route=\/wp\/v2\/product"}],"about":[{"href":"https:\/\/bijouxdevalou.fr\/index.php?rest_route=\/wp\/v2\/types\/product"}],"replies":[{"embeddable":true,"href":"https:\/\/bijouxdevalou.fr\/index.php?rest_route=%2Fwp%2Fv2%2Fcomments&post=346"}],"wp:featuredmedia":[{"embeddable":true,"href":"https:\/\/bijouxdevalou.fr\/index.php?rest_route=\/wp\/v2\/media\/319"}],"wp:attachment":[{"href":"https:\/\/bijouxdevalou.fr\/index.php?rest_route=%2Fwp%2Fv2%2Fmedia&parent=346"}],"wp:term":[{"taxonomy":"product_brand","embeddable":true,"href":"https:\/\/bijouxdevalou.fr\/index.php?rest_route=%2Fwp%2Fv2%2Fproduct_brand&post=346"},{"taxonomy":"product_cat","embeddable":true,"href":"https:\/\/bijouxdevalou.fr\/index.php?rest_route=%2Fwp%2Fv2%2Fproduct_cat&post=346"},{"taxonomy":"product_tag","embeddable":true,"href":"https:\/\/bijouxdevalou.fr\/index.php?rest_route=%2Fwp%2Fv2%2Fproduct_tag&post=346"}],"curies":[{"name":"wp","href":"https:\/\/api.w.org\/{rel}","templated":true}]}}