{"id":348,"date":"2026-01-04T16:51:49","date_gmt":"2026-01-04T16:51:49","guid":{"rendered":"https:\/\/bijouxdevalou.fr\/?post_type=product&#038;p=348"},"modified":"2026-01-22T19:27:05","modified_gmt":"2026-01-22T19:27:05","slug":"oeil-de-tigre-nacre-blanc","status":"publish","type":"product","link":"https:\/\/bijouxdevalou.fr\/?product=oeil-de-tigre-nacre-blanc","title":{"rendered":"Oeil de Tigre &#038; Nacre blanc"},"content":{"rendered":"<p><em>Bracelet fait main<\/em><\/p>\n<p><em>En acier inoxydable, serti de pierre naturelle : Oeil de Tigre et Nacre blanc<\/em><\/p>\n<p><em>Version dor\u00e9, et disponible en version argent\u00e9<\/em><\/p>\n<p><em>Taille : 15,5 cm + 5 cm de rallonge<\/em><\/p>\n<p style=\"text-align: center;\">~<\/p>\n<p>\u2022 L\u2019Oeil de Tigre : PROTECTION CONFIANCE FORCE<\/p>\n<p>La Pierre d&rsquo;Oeil de Tigre est li\u00e9e aux signes : Lion, Vierge, G\u00e9meaux. Elle est \u00e9galement la pierre de naissance du mois de Juillet, elle est donc conseill\u00e9e au Cancer, la pierre va vous apporter de la confiance en soi, de la force et combattre votre timidit\u00e9.<\/p>\n<p>\u00c9tant une pierre solaire, la pierre d&rsquo;Oeil de Tigre stimule la confiance en soi, \u00e9volue les pens\u00e9es positives, am\u00e9liore l&rsquo;ouverture d&rsquo;esprit, chasse les ondes n\u00e9gatives de son int\u00e9rieur. Cette pierre a la force de repousser les \u00e9nergies n\u00e9gatives comme un miroir et donne une grande confiance en soi.<\/p>\n<p>SUR LE PLAN MENTAL :<\/p>\n<p>La pierre d&rsquo;Oeil de tigre est \u00e9galement un min\u00e9ral parfait pour se prot\u00e9ger contre le mauvais \u0153il : les personnes jalouses et envieuses.<\/p>\n<p>SUR LE PLAN PHYSIQUE :<\/p>\n<p>La pierre d\u2019\u0152il-de-Tigre est souvent associ\u00e9e, dans certaines traditions, \u00e0 des propri\u00e9t\u00e9s symboliques et \u00e9nerg\u00e9tiques.<\/p>\n<p>Certaines personnes attribuent \u00e0 cette pierre un r\u00f4le d\u2019accompagnement pour le bien-\u00eatre g\u00e9n\u00e9ral, notamment en lien avec le syst\u00e8me digestif.<br \/>\nElle est parfois consid\u00e9r\u00e9e comme une pierre apaisante, utilis\u00e9e pour favoriser un \u00e9tat de d\u00e9tente et de s\u00e9r\u00e9nit\u00e9.<\/p>\n<p>Dans le domaine sportif, elle est traditionnellement per\u00e7ue comme un soutien pour la souplesse et la vitalit\u00e9, bien qu\u2019elle ne remplace en aucun cas un entra\u00eenement adapt\u00e9 ou des conseils m\u00e9dicaux.<\/p>\n<p>Comme d\u2019autres pierres de type \u00ab \u0152il \u00bb, elle est parfois associ\u00e9e \u00e0 une symbolique de clart\u00e9 et de concentration, mais sans pr\u00e9tention \u00e0 am\u00e9liorer la vision ou \u00e0 traiter des troubles oculaires.<\/p>\n<p>Certaines traditions lui pr\u00eatent \u00e9galement une influence sur la respiration, toujours dans une approche holistique et non m\u00e9dicale.<\/p>\n<p>PURIFICATION :<\/p>\n<p>Vous pouvez purifier \u00e0 l&rsquo;aide de bois de palo santo ou encore d&rsquo;encens de sauge blanche en passant vos bijoux directement sous la fum\u00e9e, vous pouvez \u00e9galement les purifier \u00e0 l&rsquo;eau d\u00e9min\u00e9ralis\u00e9e.<\/p>\n<p>RECHARGEMENT :<\/p>\n<p>Une fois la purification effectu\u00e9e je vous recommande de d\u00e9poser vos bijoux directement sur une fleur de vie, une g\u00e9ode de quartz, ou bien de les recharger \u00e0 la lumi\u00e8re du soleil.<\/p>\n<p style=\"text-align: center;\">~<\/p>\n<p>\u2022 Nacre blanche<\/p>\n<p>La Nacre est une pierre polyvalente qui poss\u00e8de \u00e0 la fois des propri\u00e9t\u00e9s apaisantes, \u00e9quilibrantes et protectrices.<\/p>\n<p>La Nacre convient \u00e0 tous les signes astrologiques sans distinction. Pour autant, elle demeure reli\u00e9e aux signes du zodiaque du cancer, du g\u00e9meaux, de la vierge, du capricorne, ainsi que du poisson. Leurs natifs sauront tirer d\u2019autant plus avantage de ses bienfaits.<\/p>\n<p>Liste des bienfaits :<\/p>\n<p>&#8211; R\u00e9g\u00e9n\u00e8rer la masse osseuse et les tissus<br \/>\n&#8211; Am\u00e9liorer le transit<br \/>\n&#8211; Soulager les troubles digestifs<br \/>\n&#8211; Stimuler le syst\u00e8me immunitaire<br \/>\n&#8211; Apaiser les tensions nerveuses et musculaires<br \/>\n&#8211; R\u00e9guler les \u00e9motions<br \/>\n&#8211; Lutter contre l\u2019anxi\u00e9t\u00e9 et le stress<br \/>\n&#8211; D\u00e9velopper la capacit\u00e9 de discernement<br \/>\n&#8211; Favoriser l\u2019optimisme<br \/>\n&#8211; Am\u00e9liorer la qualit\u00e9 des relations<br \/>\n&#8211; Renforcer l\u2019intuition<br \/>\n&#8211; D\u00e9velopper l\u2019ouverture d\u2019esprit<br \/>\n&#8211; Augmenter l\u2019imagination et la cr\u00e9ativit\u00e9<\/p>\n<p>SUR LE PLAN PHYSIQUE :<\/p>\n<p>La pierre nacre blanche est pr\u00e9cieuse pour le corps. Elle agit sur tous les chakras, centres \u00e9nerg\u00e9tiques du corps et les \u00e9quilibres. La pierre nacre blanche est recommand\u00e9e au personnes souffrants de migraines. Son \u00e9nergie de gu\u00e9rison soulage les douleurs li\u00e9es aux migraines. La pierre nacre blanche agit \u00e9galement sur les yeux en pr\u00e9venant les troubles visuels. Sa vibration de gu\u00e9rison agit \u00e9galement sur le syst\u00e8me respiratoire. La pierre nacre blanche calme les \u00e9pisodes allergiques.<\/p>\n<p>SUR LE PLAN MENTAL :<\/p>\n<p>La pierre nacre blanche est synonyme de douceur, de tendresse et de f\u00e9minit\u00e9. Son \u00e9nergie invite au r\u00e9confort et \u00e0 la paix int\u00e9rieure. Elle favorise le charme et le contact avec les autres. Sous forme de perle, la pierre nacre montre nos d\u00e9fauts en les exag\u00e9rant permettant ainsi une introspection. Ce cristal blanc pousse \u00e0 trouver la v\u00e9rit\u00e9, invite \u00e0 prendre ses responsabilit\u00e9s et aide \u00e0 y faire face. Pierre de soutien, elle accompagne lors de moments difficiles en offrant douceur et r\u00e9confort. C\u2019est \u00e9galement une pierre blanche id\u00e9ale pour attirer la prosp\u00e9rit\u00e9 sur tous les plans.<\/p>\n<p>PURIFICATION :<\/p>\n<p>Pour purifier la Nacre, vous pouvez la laisser reposer dans un r\u00e9cipient d\u2019eau sal\u00e9e durant quelques heures. Ainsi, elle pourra se lib\u00e9rer des \u00e9nergies accumul\u00e9es. Vous pouvez aussi purifier la pierre avec une fleur de vie ou de la sauge blanche.<\/p>\n<p>RECHARGEMENT :<\/p>\n<p>Le processus de rechargement permet \u00e0 la Nacre de retrouver l\u2019int\u00e9gralit\u00e9 de son \u00e9nergie vitale.<\/p>\n<p>Pour cela, vous pouvez l\u2019exposer aux rayons du soleil durant une heure, de pr\u00e9f\u00e9rence t\u00f4t le matin ou en fin d\u2019apr\u00e8s-midi.<\/p>\n<p>Vous pouvez aussi placer vos bijoux et pierres de Nacre \u00e0 la lumi\u00e8re de la lune le temps d\u2019une nuit. Cette m\u00e9thode favorise une r\u00e9g\u00e9n\u00e9ration en douceur.<\/p>\n","protected":false},"excerpt":{"rendered":"<p>Bracelet fait main En acier inoxydable, serti de pierre naturelle : Oeil de Tigre et &hellip; <\/p>\n","protected":false},"featured_media":328,"comment_status":"open","ping_status":"closed","template":"","meta":[],"product_brand":[],"product_cat":[67],"product_tag":[],"class_list":{"0":"post-348","1":"product","2":"type-product","3":"status-publish","4":"has-post-thumbnail","6":"product_cat-bracelet-pierre-naturelle","7":"latest_post","9":"first","10":"instock","11":"shipping-taxable","12":"purchasable","13":"product-type-simple"},"jetpack_sharing_enabled":true,"_links":{"self":[{"href":"https:\/\/bijouxdevalou.fr\/index.php?rest_route=\/wp\/v2\/product\/348","targetHints":{"allow":["GET"]}}],"collection":[{"href":"https:\/\/bijouxdevalou.fr\/index.php?rest_route=\/wp\/v2\/product"}],"about":[{"href":"https:\/\/bijouxdevalou.fr\/index.php?rest_route=\/wp\/v2\/types\/product"}],"replies":[{"embeddable":true,"href":"https:\/\/bijouxdevalou.fr\/index.php?rest_route=%2Fwp%2Fv2%2Fcomments&post=348"}],"wp:featuredmedia":[{"embeddable":true,"href":"https:\/\/bijouxdevalou.fr\/index.php?rest_route=\/wp\/v2\/media\/328"}],"wp:attachment":[{"href":"https:\/\/bijouxdevalou.fr\/index.php?rest_route=%2Fwp%2Fv2%2Fmedia&parent=348"}],"wp:term":[{"taxonomy":"product_brand","embeddable":true,"href":"https:\/\/bijouxdevalou.fr\/index.php?rest_route=%2Fwp%2Fv2%2Fproduct_brand&post=348"},{"taxonomy":"product_cat","embeddable":true,"href":"https:\/\/bijouxdevalou.fr\/index.php?rest_route=%2Fwp%2Fv2%2Fproduct_cat&post=348"},{"taxonomy":"product_tag","embeddable":true,"href":"https:\/\/bijouxdevalou.fr\/index.php?rest_route=%2Fwp%2Fv2%2Fproduct_tag&post=348"}],"curies":[{"name":"wp","href":"https:\/\/api.w.org\/{rel}","templated":true}]}}