{"id":349,"date":"2026-01-04T16:54:35","date_gmt":"2026-01-04T16:54:35","guid":{"rendered":"https:\/\/bijouxdevalou.fr\/?post_type=product&#038;p=349"},"modified":"2026-01-10T10:12:18","modified_gmt":"2026-01-10T10:12:18","slug":"amethyste-lepidolite","status":"publish","type":"product","link":"https:\/\/bijouxdevalou.fr\/?product=amethyste-lepidolite","title":{"rendered":"Amethyste &#038; L\u00e9pidolite"},"content":{"rendered":"<p><em>Bracelet fait main<\/em><\/p>\n<p><em>En acier inoxydable, serti de pierre naturelle : Amethyste et L\u00e9pidolite<\/em><\/p>\n<p><em>Version dor\u00e9, et disponible en version argent\u00e9<\/em><\/p>\n<p><em>Taille : 15,5 cm + 5 cm de rallonge<\/em><\/p>\n<p style=\"text-align: center;\">~<\/p>\n<p>\u2022 L\u2019Amethyste : PIERRE DE SAGESSE<\/p>\n<p>La pierre d&rsquo;Am\u00e9thyste a une teinte d\u00e9licate et f\u00e9minine. Elle est associ\u00e9e au luxe et \u00e0 la royaut\u00e9. Le violet, domaine du magique, n\u2019incline pas aux responsabilit\u00e9s et attire vers des r\u00eaves s\u00e9curisants, affectifs, financiers, sociaux, o\u00f9 toute fin est heureuse. La pierre invite \u00e0 la r\u00e9flexion, mais aussi \u00e0 la m\u00e9ditation et \u00e0 la concentration.<\/p>\n<p>La pierre d&rsquo;Am\u00e9thyste est li\u00e9e aux signes : B\u00e9lier, Scorpion, Poissons. C&rsquo;est \u00e9galement la pierre de naissance du mois de F\u00e9vrier, elle est donc conseill\u00e9e au Verseau, la pierre d&rsquo;Am\u00e9thyste va canaliser votre fougue, vous apportera prosp\u00e9rit\u00e9 et abondance, ainsi que de l\u2019apaisement dans votre vie quotidienne.<\/p>\n<p>SUR LE PLAN MENTAL :<\/p>\n<p>La pierre des sentiments positifs : d\u00e9gage de la lumi\u00e8re qui refl\u00e8te sur l\u2019\u00e9tat psychique. Elle chasse la morosit\u00e9, la tristesse, le repli sur soi, les blocages \u00e9motionnels, les inqui\u00e9tudes. La pierre d\u2019Am\u00e9thyste aspire au calme.<\/p>\n<p>SUR LE PLAN PHYSIQUE :<\/p>\n<p>C\u2019est une pierre qui s\u2019utilise aussi pour activer la cicatrisation de la peau. Si vous souffrez d\u2019acn\u00e9, portez sur vous une pierre d&rsquo;Am\u00e9thyste. Vous pouvez \u00e9galement l\u2019appliquer directement sur les endroits les plus impact\u00e9s.<\/p>\n<p>PURIFICATION :<\/p>\n<p>Vous pouvez purifier \u00e0 l&rsquo;aide de bois de palo santo ou encore d&rsquo;encens de sauge blanche en passant vos bijoux directement sous la fum\u00e9e, vous pouvez \u00e9galement les purifier \u00e0 l&rsquo;eau d\u00e9min\u00e9ralis\u00e9e.<\/p>\n<p>RECHARGEMENT :<\/p>\n<p style=\"text-align: center;\">Une fois la purification effectu\u00e9e je vous recommande de d\u00e9poser vos bijoux directement sur une fleur de vie, une g\u00e9ode de quartz, ou bien de les recharger \u00e0 la lumi\u00e8re lunaire.<\/p>\n<p style=\"text-align: center;\">~<\/p>\n<p>\u2022 Lepidolite : CHASSER LE STRESS ET LES ANGOISSES<\/p>\n<p>La l\u00e9pidolite serait une pierre de paix et de s\u00e9r\u00e9nit\u00e9. Elle apaiserait les pens\u00e9es n\u00e9gatives, la tristesse et les angoisses. Elle aiderait \u00e0 lutter contre les troubles compulsifs du comportement et contre les phobies sociales comme l&rsquo;agoraphobie. Le mica violet aiguiserait les facult\u00e9s de concentration et d&rsquo;analyse.<\/p>\n<p>Liste des bienfaits :<\/p>\n<p>\u25cf R\u00e9duit le stress et l\u2019anxi\u00e9t\u00e9,<br \/>\n\u25cf Lutte contre la d\u00e9pression,<br \/>\n\u25cf Lutte contre l\u2019insomnie,<br \/>\n\u25cf Traite les troubles de l\u2019humeur,<br \/>\n\u25cf Am\u00e9liore la concentration,<br \/>\n\u25cf Lutte contre toute sorte d\u2019addiction ou de d\u00e9pendance,<br \/>\n\u25cf Renforce le syst\u00e8me immunitaire,<br \/>\n\u25cf Purifie la peau,<br \/>\n\u25cf Apporte la s\u00e9r\u00e9nit\u00e9 et la paix int\u00e9rieure,<br \/>\n\u25cf Optimise la confiance en soi.<\/p>\n<p>SUR LE PLAN MENTAL :<\/p>\n<p>Symbole de s\u00e9r\u00e9nit\u00e9, la L\u00e9pidolite est un grand alli\u00e9 dans la lutte contre les diff\u00e9rents maux psychologiques pouvant d\u00e9truire votre vie. Elle est efficace pour \u00e9liminer les pens\u00e9es n\u00e9gatives. Source d\u2019apaisement, elle peut donc att\u00e9nuer la tristesse. Elle soulage \u00e9galement le stress et l\u2019anxi\u00e9t\u00e9.<\/p>\n<p>SUR LE PLAN PHYSIQUE :<\/p>\n<p>Riche en oligo\u00e9l\u00e9ments, c\u2019est une sorte de pierre th\u00e9rapeutique pouvant devenir un rem\u00e8de contre plusieurs troubles physiques. Pour lutter contre les effets nocifs de l\u2019onde \u00e9lectromagn\u00e9tique sur la sant\u00e9 par exemple, vous devez juste mettre ce beau galet lilas pr\u00e8s de l\u2019ordinateur.<br \/>\nC\u2019est aussi l\u2019une des pierres gemmes que les lithoth\u00e9rapeutes utilisent pour soigner les personnes atteintes de trouble bipolaire. Elle a le pouvoir de r\u00e9guler l\u2019humeur. De plus, son usage constitue une solution de r\u00e9f\u00e9rence en cas de troubles du sommeil.<br \/>\nLa L\u00e9pidolite est \u00e9galement l\u2019une des gemmes \u00e0 utiliser pour purifier la peau et la rendre encore plus brillante. Gr\u00e2ce \u00e0 sa composition remarquable, elle peut aussi renforcer le syst\u00e8me immunitaire. Il ne faut pas oublier sa capacit\u00e9 \u00e0 calmer les douleurs, notamment celles provoqu\u00e9es par les probl\u00e8mes d\u2019articulations.<\/p>\n<p>PURIFICATION :<\/p>\n<p>Pour le nettoyage, vous devez juste rincer le cristal dans de l\u2019eau claire ou utiliser de l\u2019encens.<\/p>\n<p>RECHARGEMENT :<\/p>\n<p>En revanche, pour recharger la L\u00e9pidolite, il faut l\u2019exposer \u00e0 la lumi\u00e8re naturelle. Vous pouvez mettre votre pierre sous le soleil pendant une ou deux heures. Mais pour ne pas ab\u00eemer le beau galet, misez sur la lumi\u00e8re douce de la lune. Sinon, placez vos bijoux en pierres naturelles sur un amas de quartz pendant quelques heures.<\/p>\n","protected":false},"excerpt":{"rendered":"<p>Bracelet fait main En acier inoxydable, serti de pierre naturelle : Amethyste et L\u00e9pidolite Version &hellip; <\/p>\n","protected":false},"featured_media":352,"comment_status":"open","ping_status":"closed","template":"","meta":[],"product_brand":[],"product_cat":[67],"product_tag":[],"class_list":{"0":"post-349","1":"product","2":"type-product","3":"status-publish","4":"has-post-thumbnail","6":"product_cat-bracelet-pierre-naturelle","7":"latest_post","9":"first","10":"instock","11":"shipping-taxable","12":"purchasable","13":"product-type-simple"},"jetpack_sharing_enabled":true,"_links":{"self":[{"href":"https:\/\/bijouxdevalou.fr\/index.php?rest_route=\/wp\/v2\/product\/349","targetHints":{"allow":["GET"]}}],"collection":[{"href":"https:\/\/bijouxdevalou.fr\/index.php?rest_route=\/wp\/v2\/product"}],"about":[{"href":"https:\/\/bijouxdevalou.fr\/index.php?rest_route=\/wp\/v2\/types\/product"}],"replies":[{"embeddable":true,"href":"https:\/\/bijouxdevalou.fr\/index.php?rest_route=%2Fwp%2Fv2%2Fcomments&post=349"}],"wp:featuredmedia":[{"embeddable":true,"href":"https:\/\/bijouxdevalou.fr\/index.php?rest_route=\/wp\/v2\/media\/352"}],"wp:attachment":[{"href":"https:\/\/bijouxdevalou.fr\/index.php?rest_route=%2Fwp%2Fv2%2Fmedia&parent=349"}],"wp:term":[{"taxonomy":"product_brand","embeddable":true,"href":"https:\/\/bijouxdevalou.fr\/index.php?rest_route=%2Fwp%2Fv2%2Fproduct_brand&post=349"},{"taxonomy":"product_cat","embeddable":true,"href":"https:\/\/bijouxdevalou.fr\/index.php?rest_route=%2Fwp%2Fv2%2Fproduct_cat&post=349"},{"taxonomy":"product_tag","embeddable":true,"href":"https:\/\/bijouxdevalou.fr\/index.php?rest_route=%2Fwp%2Fv2%2Fproduct_tag&post=349"}],"curies":[{"name":"wp","href":"https:\/\/api.w.org\/{rel}","templated":true}]}}