{"id":387,"date":"2026-01-21T19:30:08","date_gmt":"2026-01-21T19:30:08","guid":{"rendered":"https:\/\/bijouxdevalou.fr\/?post_type=product&#038;p=387"},"modified":"2026-01-22T14:07:18","modified_gmt":"2026-01-22T14:07:18","slug":"387","status":"publish","type":"product","link":"https:\/\/bijouxdevalou.fr\/?product=387","title":{"rendered":"Clou d\u2019oreille Aventurine"},"content":{"rendered":"<p><em>Clou d\u2019oreille de 6 mm en pierre bomb\u00e9<\/em><\/p>\n<p><em>Pierre : Aventurine<\/em><\/p>\n<p><em>Mati\u00e8re : laiton argent\u00e9<\/em><\/p>\n<p style=\"text-align: center;\">~<\/p>\n<p>\u2022 <strong>AVENTURINE<\/strong><\/p>\n<p>Les principaux pouvoirs de la pierre d\u2019Aventurine sont d\u2019apaiser l\u2019esprit et le corps des personnes qui la portent.<br \/>\nCes apaisements permettent d\u2019augmenter le flux \u00e9nerg\u00e9tique et la fr\u00e9quence de vibration. La couleur verte de l\u2019Aventurine apporte de la fra\u00eecheur et de la l\u00e9g\u00e8ret\u00e9. Beaucoup de civilisations sont persuad\u00e9es que pierre d\u2019Aventurine apporte du savoir et de la sagesse.<\/p>\n<p>Les signes astrologiques les plus compatibles \u00e0 l\u2019Aventurine sont : le Cancer, le Sagittaire, le Capricorne, conseill\u00e9e au Taureau et au G\u00e9meau.<br \/>\nD\u2019ailleurs, l\u2019Aventurine est la pierre de naissance du mois de Mai. Cela signifie qu\u2019elle peut \u00eatre consid\u00e9r\u00e9e comme une pierre de protection particuli\u00e8re aux personnes n\u00e9es au mois des Taureaux et des G\u00e9meaux.<\/p>\n<p><em>Sur le plan physique :<\/em><\/p>\n<p>Elle am\u00e9liore les grains de la peau, ce qui lui fait un point commun avec l\u2019Aigue-marine.<br \/>\nChez les adolescents, cette pierre naturelle peut att\u00e9nuer les probl\u00e8mes d\u2019acn\u00e9s. La pierre d\u2019Aventurine est \u00e9galement utilis\u00e9e pour apaiser les fatigues oculaires.<br \/>\nD\u2019ailleurs, les Tib\u00e9tains l&rsquo;utilisent pour am\u00e9liorer leur vision et leur probl\u00e8me d\u2019yeux. Depuis des ann\u00e9es, beaucoup de personnes l\u2019utilisent pour soigner les maladies du foie et de l\u2019estomac.<br \/>\nDe plus, elle facilite la respiration car ce chakra a un lien direct avec les poumons. Elle contribue aussi \u00e0 r\u00e9duire les maux de t\u00eate. Bref, la pierre d\u2019Aventurine est beaucoup utilis\u00e9e pour la gu\u00e9rison.<\/p>\n<p><em>Sur le plan mental :<\/em><\/p>\n<p>La pierre d\u2019Aventurine a pour capacit\u00e9 d\u2019absorber toutes sortes de n\u00e9gativit\u00e9s, non seulement les ondes, mais aussi les \u00e9nergies n\u00e9gatives. Ici, on ne parle pas uniquement des \u00e9nergies d\u00e9gag\u00e9es par des personnes, mais aussi par des objets.<br \/>\nLa pierre d\u2019Aventurine est aussi connue pour \u00e9loigner de l\u2019angoisse. Elle apporte en effet une certaine tranquillit\u00e9 d\u2019esprit \u00e0 celui ou celle qui la porte. En d\u2019autres termes, la pierre d\u2019Aventurine \u00e9loigne du stress et apporte la paix int\u00e9rieure.<br \/>\nL\u2019une des plus grandes vertus de l\u2019Aventurine est sans aucun doute l\u2019am\u00e9lioration de la confiance en soi. Elle apporte de la vitalit\u00e9 et de la s\u00e9r\u00e9nit\u00e9 \u00e0 ceux qui la portent. Cela leur permettra, par la m\u00eame occasion, de prendre les meilleures d\u00e9cisions en ce qui concerne leur vie et leurs projets.<\/p>\n<p><em>Purification :<\/em><\/p>\n<p>L&rsquo;aventurine se purifie \u00e0 l\u2019eau pure, au sel pur ou \u00e0 l&rsquo;eau sal\u00e9e.<br \/>\nPour la purification au sel pur, nous vous conseillons la m\u00e9thode de purification indirecte.<br \/>\nLa purification au bain d\u2019eau pure n\u00e9cessite de laisser la pierre environ 4 \u00e0 5 heures dans son bain.<br \/>\nPour la purification au bain d\u2019eau sal\u00e9e, il faut laisser la pierre environ 2 \u00e0 3 heures dans son bain.<\/p>\n<p><em>Rechargement :<\/em><\/p>\n<p>L&rsquo;aventurine peut \u00eatre recharg\u00e9e \u00e0 la lumi\u00e8re du soleil : vous pouvez laisser votre pierre 2 \u00e0 3 heures dans une pi\u00e8ce baign\u00e9e de lumi\u00e8re.<br \/>\nEvitez d&rsquo;exposer votre pierre aux rayons directs du soleil.<br \/>\nVous pouvez aussi recharger votre aventurine sur un amas de cristal de roche, ce qui prend environ 1 heure et peut \u00eatre fait de jour comme de nuit.<\/p>\n","protected":false},"excerpt":{"rendered":"<p>Clou d\u2019oreille de 6 mm en pierre bomb\u00e9 Pierre : Aventurine Mati\u00e8re : laiton argent\u00e9 &hellip; <\/p>\n","protected":false},"featured_media":390,"comment_status":"open","ping_status":"closed","template":"","meta":[],"product_brand":[],"product_cat":[69],"product_tag":[75,73,74,45,76],"class_list":{"0":"post-387","1":"product","2":"type-product","3":"status-publish","4":"has-post-thumbnail","6":"product_cat-clou-doreille","7":"product_tag-aventurine","8":"product_tag-clou","9":"product_tag-oreille","10":"product_tag-pierre","11":"product_tag-verte","12":"latest_post","14":"first","15":"instock","16":"shipping-taxable","17":"purchasable","18":"product-type-simple"},"jetpack_sharing_enabled":true,"_links":{"self":[{"href":"https:\/\/bijouxdevalou.fr\/index.php?rest_route=\/wp\/v2\/product\/387","targetHints":{"allow":["GET"]}}],"collection":[{"href":"https:\/\/bijouxdevalou.fr\/index.php?rest_route=\/wp\/v2\/product"}],"about":[{"href":"https:\/\/bijouxdevalou.fr\/index.php?rest_route=\/wp\/v2\/types\/product"}],"replies":[{"embeddable":true,"href":"https:\/\/bijouxdevalou.fr\/index.php?rest_route=%2Fwp%2Fv2%2Fcomments&post=387"}],"wp:featuredmedia":[{"embeddable":true,"href":"https:\/\/bijouxdevalou.fr\/index.php?rest_route=\/wp\/v2\/media\/390"}],"wp:attachment":[{"href":"https:\/\/bijouxdevalou.fr\/index.php?rest_route=%2Fwp%2Fv2%2Fmedia&parent=387"}],"wp:term":[{"taxonomy":"product_brand","embeddable":true,"href":"https:\/\/bijouxdevalou.fr\/index.php?rest_route=%2Fwp%2Fv2%2Fproduct_brand&post=387"},{"taxonomy":"product_cat","embeddable":true,"href":"https:\/\/bijouxdevalou.fr\/index.php?rest_route=%2Fwp%2Fv2%2Fproduct_cat&post=387"},{"taxonomy":"product_tag","embeddable":true,"href":"https:\/\/bijouxdevalou.fr\/index.php?rest_route=%2Fwp%2Fv2%2Fproduct_tag&post=387"}],"curies":[{"name":"wp","href":"https:\/\/api.w.org\/{rel}","templated":true}]}}