{"id":396,"date":"2026-01-21T19:35:58","date_gmt":"2026-01-21T19:35:58","guid":{"rendered":"https:\/\/bijouxdevalou.fr\/?post_type=product&#038;p=396"},"modified":"2026-01-22T14:06:48","modified_gmt":"2026-01-22T14:06:48","slug":"clou-doreille-rhodochrosite","status":"publish","type":"product","link":"https:\/\/bijouxdevalou.fr\/?product=clou-doreille-rhodochrosite","title":{"rendered":"Clou d\u2019oreille Rhodochrosite"},"content":{"rendered":"<p><em>Clou d\u2019oreille de 6 mm, en pierre bomb\u00e9<\/em><\/p>\n<p><em>Pierre : Rhodochrosite<\/em><\/p>\n<p><em>Mati\u00e8re : laiton argent\u00e9<\/em><\/p>\n<p style=\"text-align: center;\">~<\/p>\n<p>\u2022 <strong>RHODOCHROSITE<\/strong><\/p>\n<p>La rhodocrosite est une pierre li\u00e9e au calme, au repos et au sommeil. C&rsquo;est l&rsquo;alli\u00e9e id\u00e9ale des personnes recherchant calme et s\u00e9r\u00e9nit\u00e9.<br \/>\nLa rhodochrosite est la pierre du calme et de la s\u00e9r\u00e9nit\u00e9. Elle permet une am\u00e9lioration des relations entre personnes. Elle apporte amour et d\u00e9licatesse, c\u2019est un atout incroyable pour les personnes en manque d\u2019amour et de tendresse. Cette pierre permet de mieux vivre ses \u00e9motions, mais \u00e9galement de mieux les exprimer aux personnes autour de soi.<\/p>\n<p>Vertus et bienfaits de la Rhodocrosite<br \/>\n\u2022 \u00e9liminerait les toxines<br \/>\n\u2022 r\u00e9gulerait le sucre<br \/>\n\u2022 diminuerait les troubles du sommeil<br \/>\n\u2022 calmerait le stress<br \/>\n\u2022 \u00e9quilibrerait les chakras<br \/>\n\u2022 r\u00e9gulerait les \u00e9motions<\/p>\n<p><em>Sur le plan physique :<\/em><\/p>\n<p>Elle permettrait d\u2019\u00e9liminer les toxines du corps. Elle aiderait \u00e9galement \u00e0 r\u00e9guler le sucre dans le sang. C\u2019est un atout majeur pour les personnes qui souhaitent prendre soin de leur syst\u00e8me nerveux.<br \/>\nPierre apaisante, elle est appr\u00e9ci\u00e9e des personnes qui ont des troubles du sommeil ainsi que des grands stress\u00e9s.<\/p>\n<p><em>Sur le plan mental :<\/em><\/p>\n<p>La pierre rhodocrosite est la pierre de l\u2019amour par excellence. Elle permet un rapprochement des personnes tant en amiti\u00e9 qu\u2019en amour.<br \/>\nElle am\u00e9liore les relations en faisant remonter et dispara\u00eetre les blessures et en apportant une attitude positive.<br \/>\nC\u2019est la pierre des s\u00e9ances de m\u00e9ditation, car elle \u00e9quilibre les chakras et permet de r\u00e9guler les \u00e9motions.<\/p>\n<p><em>Purification :<\/em><\/p>\n<p>Vous pouvez recharger votre rhodochrosite en la posant tout simplement sur une fleur de vie durant quelques heures. Vous pouvez purifier la pierre avec une fleur de vie ou de la sauge blanche.<\/p>\n<p><em>Rechargement :<\/em><\/p>\n<p>Si vous ne poss\u00e9dez pas de fleur de vie, vous pouvez d\u00e9poser votre pierre au soleil pendant quelques heures, de pr\u00e9f\u00e9rence lorsque le soleil est au z\u00e9nith.<\/p>\n","protected":false},"excerpt":{"rendered":"<p>Clou d\u2019oreille de 6 mm, en pierre bomb\u00e9 Pierre : Rhodochrosite Mati\u00e8re : laiton argent\u00e9 &hellip; <\/p>\n","protected":false},"featured_media":388,"comment_status":"open","ping_status":"closed","template":"","meta":[],"product_brand":[],"product_cat":[69],"product_tag":[29,73,44,74,45,77],"class_list":{"0":"post-396","1":"product","2":"type-product","3":"status-publish","4":"has-post-thumbnail","6":"product_cat-clou-doreille","7":"product_tag-blanc","8":"product_tag-clou","9":"product_tag-nacre","10":"product_tag-oreille","11":"product_tag-pierre","12":"product_tag-rodochrosite","13":"latest_post","15":"first","16":"instock","17":"shipping-taxable","18":"purchasable","19":"product-type-simple"},"jetpack_sharing_enabled":true,"_links":{"self":[{"href":"https:\/\/bijouxdevalou.fr\/index.php?rest_route=\/wp\/v2\/product\/396","targetHints":{"allow":["GET"]}}],"collection":[{"href":"https:\/\/bijouxdevalou.fr\/index.php?rest_route=\/wp\/v2\/product"}],"about":[{"href":"https:\/\/bijouxdevalou.fr\/index.php?rest_route=\/wp\/v2\/types\/product"}],"replies":[{"embeddable":true,"href":"https:\/\/bijouxdevalou.fr\/index.php?rest_route=%2Fwp%2Fv2%2Fcomments&post=396"}],"wp:featuredmedia":[{"embeddable":true,"href":"https:\/\/bijouxdevalou.fr\/index.php?rest_route=\/wp\/v2\/media\/388"}],"wp:attachment":[{"href":"https:\/\/bijouxdevalou.fr\/index.php?rest_route=%2Fwp%2Fv2%2Fmedia&parent=396"}],"wp:term":[{"taxonomy":"product_brand","embeddable":true,"href":"https:\/\/bijouxdevalou.fr\/index.php?rest_route=%2Fwp%2Fv2%2Fproduct_brand&post=396"},{"taxonomy":"product_cat","embeddable":true,"href":"https:\/\/bijouxdevalou.fr\/index.php?rest_route=%2Fwp%2Fv2%2Fproduct_cat&post=396"},{"taxonomy":"product_tag","embeddable":true,"href":"https:\/\/bijouxdevalou.fr\/index.php?rest_route=%2Fwp%2Fv2%2Fproduct_tag&post=396"}],"curies":[{"name":"wp","href":"https:\/\/api.w.org\/{rel}","templated":true}]}}