{"id":397,"date":"2026-01-21T19:42:06","date_gmt":"2026-01-21T19:42:06","guid":{"rendered":"https:\/\/bijouxdevalou.fr\/?post_type=product&#038;p=397"},"modified":"2026-01-22T14:06:18","modified_gmt":"2026-01-22T14:06:18","slug":"397","status":"publish","type":"product","link":"https:\/\/bijouxdevalou.fr\/?product=397","title":{"rendered":"Clou d\u2019oreille Am\u00e9thyste"},"content":{"rendered":"<p><em>Clou d\u2019oreille de 6 mm, en pierre bomb\u00e9<\/em><\/p>\n<p><em>Pierre : Am\u00e9thyste<\/em><\/p>\n<p><em>Mati\u00e8re : laiton dor\u00e9 \u00e0 l\u2019or fin<\/em><\/p>\n<p style=\"text-align: center;\">~<\/p>\n<p>\u2022 <strong>L\u2019Amethyste<\/strong> : PIERRE DE SAGESSE<\/p>\n<p>La pierre d\u2019Am\u00e9thyste a une teinte d\u00e9licate et f\u00e9minine. Elle est associ\u00e9e au luxe et \u00e0 la royaut\u00e9. Le violet, domaine du magique, n\u2019incline pas aux responsabilit\u00e9s et attire vers des r\u00eaves s\u00e9curisants, affectifs, financiers, sociaux, o\u00f9 toute fin est heureuse. La pierre invite \u00e0 la r\u00e9flexion, mais aussi \u00e0 la m\u00e9ditation et \u00e0 la concentration.<\/p>\n<p>La pierre d\u2019Am\u00e9thyste est li\u00e9e aux signes : B\u00e9lier, Scorpion, Poissons. C\u2019est \u00e9galement la pierre de naissance du mois de F\u00e9vrier, elle est donc conseill\u00e9e au Verseau, la pierre d\u2019Am\u00e9thyste va canaliser votre fougue, vous apportera prosp\u00e9rit\u00e9 et abondance, ainsi que de l\u2019apaisement dans votre vie quotidienne.<\/p>\n<p><em>Sur le plan mental :<\/em><\/p>\n<p>La pierre des sentiments positifs : d\u00e9gage de la lumi\u00e8re qui refl\u00e8te sur l\u2019\u00e9tat psychique. Elle chasse la morosit\u00e9, la tristesse, le repli sur soi, les blocages \u00e9motionnels, les inqui\u00e9tudes. La pierre d\u2019Am\u00e9thyste aspire au calme.<\/p>\n<p><em>Sur le plan physique :<\/em><\/p>\n<p>C\u2019est une pierre qui s\u2019utilise aussi pour activer la cicatrisation de la peau. Si vous souffrez d\u2019acn\u00e9, portez sur vous une pierre d\u2019Am\u00e9thyste. Vous pouvez \u00e9galement l\u2019appliquer directement sur les endroits les plus impact\u00e9s.<\/p>\n<p><em>Purification :<\/em><\/p>\n<p>Vous pouvez purifier \u00e0 l\u2019aide de bois de palo santo ou encore d\u2019encens de sauge blanche en passant vos bijoux directement sous la fum\u00e9e, vous pouvez \u00e9galement les purifier \u00e0 l\u2019eau d\u00e9min\u00e9ralis\u00e9e.<\/p>\n<p><em>Rechargement :<\/em><\/p>\n<p>Une fois la purification effectu\u00e9e je vous recommande de d\u00e9poser vos bijoux directement sur une fleur de vie, une g\u00e9ode de quartz, ou bien de les recharger \u00e0 la lumi\u00e8re lunaire.<\/p>\n","protected":false},"excerpt":{"rendered":"<p>Clou d\u2019oreille de 6 mm, en pierre bomb\u00e9 Pierre : Am\u00e9thyste Mati\u00e8re : laiton dor\u00e9 &hellip; <\/p>\n","protected":false},"featured_media":394,"comment_status":"open","ping_status":"closed","template":"","meta":[],"product_brand":[],"product_cat":[69],"product_tag":[78,73,74,45,79],"class_list":{"0":"post-397","1":"product","2":"type-product","3":"status-publish","4":"has-post-thumbnail","6":"product_cat-clou-doreille","7":"product_tag-amethyste","8":"product_tag-clou","9":"product_tag-oreille","10":"product_tag-pierre","11":"product_tag-violet","12":"latest_post","14":"first","15":"instock","16":"shipping-taxable","17":"purchasable","18":"product-type-simple"},"jetpack_sharing_enabled":true,"_links":{"self":[{"href":"https:\/\/bijouxdevalou.fr\/index.php?rest_route=\/wp\/v2\/product\/397","targetHints":{"allow":["GET"]}}],"collection":[{"href":"https:\/\/bijouxdevalou.fr\/index.php?rest_route=\/wp\/v2\/product"}],"about":[{"href":"https:\/\/bijouxdevalou.fr\/index.php?rest_route=\/wp\/v2\/types\/product"}],"replies":[{"embeddable":true,"href":"https:\/\/bijouxdevalou.fr\/index.php?rest_route=%2Fwp%2Fv2%2Fcomments&post=397"}],"wp:featuredmedia":[{"embeddable":true,"href":"https:\/\/bijouxdevalou.fr\/index.php?rest_route=\/wp\/v2\/media\/394"}],"wp:attachment":[{"href":"https:\/\/bijouxdevalou.fr\/index.php?rest_route=%2Fwp%2Fv2%2Fmedia&parent=397"}],"wp:term":[{"taxonomy":"product_brand","embeddable":true,"href":"https:\/\/bijouxdevalou.fr\/index.php?rest_route=%2Fwp%2Fv2%2Fproduct_brand&post=397"},{"taxonomy":"product_cat","embeddable":true,"href":"https:\/\/bijouxdevalou.fr\/index.php?rest_route=%2Fwp%2Fv2%2Fproduct_cat&post=397"},{"taxonomy":"product_tag","embeddable":true,"href":"https:\/\/bijouxdevalou.fr\/index.php?rest_route=%2Fwp%2Fv2%2Fproduct_tag&post=397"}],"curies":[{"name":"wp","href":"https:\/\/api.w.org\/{rel}","templated":true}]}}