{"id":399,"date":"2026-01-21T19:47:16","date_gmt":"2026-01-21T19:47:16","guid":{"rendered":"https:\/\/bijouxdevalou.fr\/?post_type=product&#038;p=399"},"modified":"2026-01-22T14:04:48","modified_gmt":"2026-01-22T14:04:48","slug":"clou-doreille-apatite","status":"publish","type":"product","link":"https:\/\/bijouxdevalou.fr\/?product=clou-doreille-apatite","title":{"rendered":"Clou d\u2019oreille Apatite"},"content":{"rendered":"<p><em>Clou d\u2019oreille de 6 mm, en pierre plate<\/em><\/p>\n<p><em>Pierre : Apatite<\/em><\/p>\n<p><em>Mati\u00e8re : en laiton dor\u00e9 a l\u2019or fin<\/em><\/p>\n<p style=\"text-align: center;\">~<\/p>\n<p>\u2022 <strong>APATITE<\/strong><\/p>\n<p>L&rsquo;Apatite est connue depuis des g\u00e9n\u00e9rations pour favoriser la perte de poids.<br \/>\nConnue pour \u00eatre la pierre la plus efficace pour r\u00e9ussir \u00e0 maigrir, l\u2019apatite vous permet de vous concentrer sur votre bien-\u00eatre et vous \u00e9vite de penser \u00e0 grignoter. Servant de rappel constant \u00e0 votre poignet, ce bracelet en Apatite vous permettra de rester fix\u00e9 sur votre objectif de perte de poids.<br \/>\nElle am\u00e9liore les cycles de sommeil, ce qui favorise la perte de poids et l\u2019\u00e9tat de sant\u00e9 global.<br \/>\nEn plus d\u2019\u00eatre connue pour son pouvoir drainant, cette pierre bleue \u00e9l\u00e9gante vous permettra de r\u00e9guler votre app\u00e9tit et vos petits grignotages.<br \/>\nC\u2019est \u00e9galement une pierre tr\u00e8s utilis\u00e9e pour aider \u00e0 la communication, elle favorise la verbalisation et l\u2019expression des \u00e9motions. Li\u00e9e au chakra du c\u0153ur et au chakra du plexus solaire, elle favorise l\u2019expression de soi.<br \/>\nC\u2019est un puissant symbole d\u2019expression personnelle, de bien-\u00eatre et d\u2019\u00e9nergie positive<\/p>\n<p>Vertus et bienfaits de l\u2019Apatite<br \/>\n\u2022 Favorise la perte de poids<br \/>\n\u2022 Aide \u00e0 la baisse de tension<br \/>\n\u2022 Apporte calme et apaisement<br \/>\n\u2022 Am\u00e9liore les cycles de sommeil<br \/>\n\u2022 Aide au soin des os<br \/>\n\u2022 Absorbe les \u00e9nergies n\u00e9gatives<\/p>\n<p><em>Sur le plan physique :<\/em><\/p>\n<p>C\u2019est un min\u00e9ral incontournable pour toutes les personnes qui souhaitent rester concentr\u00e9 sur leur r\u00e9gime alimentaire et ne pas faire d\u2019exc\u00e8s. Elle agit comme un rappel constant qu\u2019il ne faut pas craquer.<br \/>\nElle favorise la croissance et la solidification des os du corps humain. Parfaite \u00e0 utiliser apr\u00e8s une op\u00e9ration, ou lors d\u2019une gu\u00e9rison de fracture, elle permet aux os de retrouver toute leur vigueur.<br \/>\nL\u2019apatite est \u00e9galement un alli\u00e9 de poids pour trouver un sommeil reposant et r\u00e9parateur.<\/p>\n<p><em>Sur le plan mental :<\/em><\/p>\n<p>Elle permet d\u2019encourager l\u2019expression personnelle, c\u2019est une pierre qui aide les timides \u00e0 prendre la parole et apporte plus de confiance lors des prises de parole. Elle peut apporter du soutien aux orateurs lors de discours ou de pr\u00e9sentations.<br \/>\nL\u2019Apatite apporte apaisement et relaxation aux personnes tendues. Elle poss\u00e8de des vertus de bien-\u00eatre et participe \u00e0 l\u2019\u00e9panouissement personnel des personnes qui la porte au quotidien. L\u2019apatite est id\u00e9ale pour soutenir les grands angoiss\u00e9s et les personnes en manque de confiance.<br \/>\nOn connait \u00e9galement l\u2019Apatite pour ses vertus purificatrices. Elle absorberait les ondes n\u00e9gatives et permettrait d\u2019assainir un environnement, que ce soit une chambre ou un environnement de travail.<\/p>\n<p><em>Purification :<\/em><\/p>\n<p>Nous vous conseillons de laisser reposer vos bijoux ou pierres en Apatite dans un r\u00e9cipient d\u2019eau sal\u00e9e environ une heure. Vous pouvez aussi proc\u00e9der \u00e0 un nettoyage \u00e9nerg\u00e9tique gr\u00e2ce \u00e0 la fum\u00e9e d\u2019encens ou de sauge blanche.<\/p>\n<p><em>Rechargement :<\/em><\/p>\n<p>Pour recharger votre apatite, vous pouvez l\u2019exposer \u00e0 la lumi\u00e8re du soleil pendant quelques heures, de pr\u00e9f\u00e9rences vers midi, le moment o\u00f9 les rayons du soleil sont les plus puissants. Vous pouvez \u00e9galement utiliser des g\u00e9odes d\u2019Am\u00e9thyste ou un amas de quartz si vous en avez \u00e0 disposition.<\/p>\n","protected":false},"excerpt":{"rendered":"<p>Clou d\u2019oreille de 6 mm, en pierre plate Pierre : Apatite Mati\u00e8re : en laiton &hellip; <\/p>\n","protected":false},"featured_media":392,"comment_status":"open","ping_status":"closed","template":"","meta":[],"product_brand":[],"product_cat":[69],"product_tag":[80,20,73,74,45],"class_list":{"0":"post-399","1":"product","2":"type-product","3":"status-publish","4":"has-post-thumbnail","6":"product_cat-clou-doreille","7":"product_tag-apatite","8":"product_tag-bleu","9":"product_tag-clou","10":"product_tag-oreille","11":"product_tag-pierre","12":"latest_post","14":"first","15":"instock","16":"shipping-taxable","17":"purchasable","18":"product-type-simple"},"jetpack_sharing_enabled":true,"_links":{"self":[{"href":"https:\/\/bijouxdevalou.fr\/index.php?rest_route=\/wp\/v2\/product\/399","targetHints":{"allow":["GET"]}}],"collection":[{"href":"https:\/\/bijouxdevalou.fr\/index.php?rest_route=\/wp\/v2\/product"}],"about":[{"href":"https:\/\/bijouxdevalou.fr\/index.php?rest_route=\/wp\/v2\/types\/product"}],"replies":[{"embeddable":true,"href":"https:\/\/bijouxdevalou.fr\/index.php?rest_route=%2Fwp%2Fv2%2Fcomments&post=399"}],"wp:featuredmedia":[{"embeddable":true,"href":"https:\/\/bijouxdevalou.fr\/index.php?rest_route=\/wp\/v2\/media\/392"}],"wp:attachment":[{"href":"https:\/\/bijouxdevalou.fr\/index.php?rest_route=%2Fwp%2Fv2%2Fmedia&parent=399"}],"wp:term":[{"taxonomy":"product_brand","embeddable":true,"href":"https:\/\/bijouxdevalou.fr\/index.php?rest_route=%2Fwp%2Fv2%2Fproduct_brand&post=399"},{"taxonomy":"product_cat","embeddable":true,"href":"https:\/\/bijouxdevalou.fr\/index.php?rest_route=%2Fwp%2Fv2%2Fproduct_cat&post=399"},{"taxonomy":"product_tag","embeddable":true,"href":"https:\/\/bijouxdevalou.fr\/index.php?rest_route=%2Fwp%2Fv2%2Fproduct_tag&post=399"}],"curies":[{"name":"wp","href":"https:\/\/api.w.org\/{rel}","templated":true}]}}