{"id":400,"date":"2026-01-21T19:55:29","date_gmt":"2026-01-21T19:55:29","guid":{"rendered":"https:\/\/bijouxdevalou.fr\/?post_type=product&#038;p=400"},"modified":"2026-01-22T13:39:26","modified_gmt":"2026-01-22T13:39:26","slug":"onyx","status":"publish","type":"product","link":"https:\/\/bijouxdevalou.fr\/?product=onyx","title":{"rendered":"Onyx"},"content":{"rendered":"<p><em>Bracelet fait main<\/em><\/p>\n<p><em>En acier inoxydable, serti de pierre naturelle : Onyx<\/em><\/p>\n<p><em>Version argent\u00e9e, et disponible en version dor\u00e9e<\/em><\/p>\n<p><em>Taille : 15,5 cm + 5 cm de rallonge<\/em><\/p>\n<p style=\"text-align: center;\">~<\/p>\n<p>\u2022 Onyx<\/p>\n<p>Symbole de la force, l&rsquo;Onyx poss\u00e8de de nombreux bienfaits sur le corps et l&rsquo;esprit.<br \/>\nRattach\u00e9 au chakra racine, l\u2019Onyx facilite un meilleur centrage sur soi-m\u00eame. Situ\u00e9 \u00e0 la base de la colonne vert\u00e9brale, le chakra racine est le premier chakra. Il repr\u00e9sente la connexion \u00e0 la Terre. S\u2019il n\u2019est pas \u00e9quilibr\u00e9, alors tout les autres chakras seront d\u00e9stabilis\u00e9s. C\u2019est un chakra qui aide \u00e0 \u00eatre sur le bon chemin.<br \/>\nAvec un bracelet d\u2019Onyx noir au poignet droit, le stress et l\u2019anxi\u00e9t\u00e9 diminue. Les vibrations de la pierre activent la circulation d\u2019\u00e9nergies et permettent au chakra racine de se d\u00e9bloquer. S\u2019il n\u2019est pas en harmonie avec le corps, le chakra racine apporte frustration et agressivit\u00e9.<\/p>\n<p>Vertus et bienfaits de l\u2019Onyx<\/p>\n<p>\u2022 Facilite une parole claire et calme<br \/>\n\u2022 Renforce l\u2019estime de soi<br \/>\n\u2022 R\u00e9duit les probl\u00e8mes d\u2019oreille, notamment les acouph\u00e8nes<br \/>\n\u2022 Aide \u00e0 la concentration<br \/>\n\u2022 Fortifie la moelle osseuse et les fonctions du corps<br \/>\n\u2022 Apaise les inqui\u00e9tudes<br \/>\n\u2022 Accompagne les gu\u00e9risons<\/p>\n<p>SUR LE PLAN PHYSIQUE :<\/p>\n<p>La pierre d\u2019Onyx poss\u00e8de de nombreuses vertus protectrices. Cette pierre d\u00e9tend la bouche et les dents, et aide \u00e0 avoir une \u00e9locution fluide. L\u2019Onyx est particuli\u00e8rement utile pour les personnes qui parlent trop vite, ou qui auraient des probl\u00e8mes de prononciation. Il arrange les probl\u00e8mes vocaux et facilite la parole.<br \/>\nPorter un Onyx sur soi permet de renforcer les fonctions du corps en contribuant au bon fonctionnement du syst\u00e8me immunitaire. Le corps se stabilise, se fortifie pour prendre pleine conscience de ses capacit\u00e9s. Il se sent alors suffisamment fort pour lutter contre les allergies, mais \u00e9galement les addictions. L\u2019envie de fumer peut passer au second plan gr\u00e2ce \u00e0 cette pierre.<br \/>\nLes vertus curatives de l\u2019Onyx agissent directement sur certains organes. Il facilite l\u2019assainissement du foie et des reins pour un corps plus sain et en bonne sant\u00e9. C\u2019est aussi une pierre qui peut s\u2019utiliser pour r\u00e9guler le niveau de cholest\u00e9rol.<\/p>\n<p>SUR LE PLAN MENTAL :<\/p>\n<p>C\u2019est un barrage aux pens\u00e9es n\u00e9gatives. Il harmonise le corps, l\u2019esprit et aide celui-ci \u00e0 s\u2019apaiser. Il renforce la confiance en soi en limitant le stress et l\u2019anxi\u00e9t\u00e9. En se sentant bien avec soi-m\u00eame, le corps se d\u00e9tend et tout devient plus facile. Avec une pierre d\u2019Onyx, les tensions mentales se dissipent pour laisser place aux ondes positives.<br \/>\nCette pierre permet de garder son esprit focalis\u00e9 sur le moment pr\u00e9sent. Cela aide pour une concentration absolue en continue. L\u2019Onyx chasse les pens\u00e9es superflues pour ne garder que le n\u00e9cessaire. C\u2019est une pierre particuli\u00e8rement utile lors de s\u00e9ance de m\u00e9ditation. Porter un Onyx stabilise l\u2019esprit.<br \/>\nSe sentir en confiance face aux autres n\u2019est pas une chose facile. La pierre Onyx apporte une certaine assurance qui facilite le contact avec autrui. Un esprit conscient de son potentiel est une v\u00e9ritable force. L\u2019Onyx all\u00e8ge les mauvaises pens\u00e9es qui d\u00e9stabilisent pour apporter un \u00e9lan de bienveillance envers soi-m\u00eame.<\/p>\n<p>PURIFICATION :<\/p>\n<p>Pour nettoyer l\u2019Onyx, il suffit de le faire tremper quelques heures dans de l\u2019eau distill\u00e9e sal\u00e9e. Vous pouvez purifier la pierre avec une fleur de vie ou de la sauge blanche.<\/p>\n<p>RECHARGEMENT :<\/p>\n<p>L\u2019Onyx se charge facilement en \u00e9nergies n\u00e9gatives. Placer la pierre Onyx sur un rebord de fen\u00eatre la nuit lui permet de se nourrir de lumi\u00e8re lunaire. Il est \u00e9galement possible de recharger l\u2019Onyx gr\u00e2ce \u00e0 une g\u00e9ode d\u2019Am\u00e9thyste ou un amas de Quartz.<\/p>\n","protected":false},"excerpt":{"rendered":"<p>Bracelet fait main En acier inoxydable, serti de pierre naturelle : Onyx Version argent\u00e9e, et &hellip; <\/p>\n","protected":false},"featured_media":401,"comment_status":"open","ping_status":"closed","template":"","meta":[],"product_brand":[],"product_cat":[67],"product_tag":[21,82,81,45],"class_list":{"0":"post-400","1":"product","2":"type-product","3":"status-publish","4":"has-post-thumbnail","6":"product_cat-bracelet-pierre-naturelle","7":"product_tag-bracelet","8":"product_tag-noir","9":"product_tag-onyx","10":"product_tag-pierre","11":"latest_post","13":"first","14":"instock","15":"shipping-taxable","16":"purchasable","17":"product-type-simple"},"jetpack_sharing_enabled":true,"_links":{"self":[{"href":"https:\/\/bijouxdevalou.fr\/index.php?rest_route=\/wp\/v2\/product\/400","targetHints":{"allow":["GET"]}}],"collection":[{"href":"https:\/\/bijouxdevalou.fr\/index.php?rest_route=\/wp\/v2\/product"}],"about":[{"href":"https:\/\/bijouxdevalou.fr\/index.php?rest_route=\/wp\/v2\/types\/product"}],"replies":[{"embeddable":true,"href":"https:\/\/bijouxdevalou.fr\/index.php?rest_route=%2Fwp%2Fv2%2Fcomments&post=400"}],"wp:featuredmedia":[{"embeddable":true,"href":"https:\/\/bijouxdevalou.fr\/index.php?rest_route=\/wp\/v2\/media\/401"}],"wp:attachment":[{"href":"https:\/\/bijouxdevalou.fr\/index.php?rest_route=%2Fwp%2Fv2%2Fmedia&parent=400"}],"wp:term":[{"taxonomy":"product_brand","embeddable":true,"href":"https:\/\/bijouxdevalou.fr\/index.php?rest_route=%2Fwp%2Fv2%2Fproduct_brand&post=400"},{"taxonomy":"product_cat","embeddable":true,"href":"https:\/\/bijouxdevalou.fr\/index.php?rest_route=%2Fwp%2Fv2%2Fproduct_cat&post=400"},{"taxonomy":"product_tag","embeddable":true,"href":"https:\/\/bijouxdevalou.fr\/index.php?rest_route=%2Fwp%2Fv2%2Fproduct_tag&post=400"}],"curies":[{"name":"wp","href":"https:\/\/api.w.org\/{rel}","templated":true}]}}