{"id":408,"date":"2026-01-22T13:46:20","date_gmt":"2026-01-22T13:46:20","guid":{"rendered":"https:\/\/bijouxdevalou.fr\/?post_type=product&#038;p=408"},"modified":"2026-01-22T13:47:37","modified_gmt":"2026-01-22T13:47:37","slug":"sodalite-angelite","status":"publish","type":"product","link":"https:\/\/bijouxdevalou.fr\/?product=sodalite-angelite","title":{"rendered":"Sodalite &#038; Angelite"},"content":{"rendered":"<p><em>Bracelet fait main<\/em><\/p>\n<p><em>En acier inoxydable, serti de pierre naturelle : Sodalite &amp; Angelite<\/em><\/p>\n<p><em>Version dor\u00e9, et disponible en version argent\u00e9<\/em><\/p>\n<p><em>Taille : 15,5 cm + 5 cm de rallonge<\/em><\/p>\n<p style=\"text-align: center;\">~<\/p>\n<p>\u2022 Sodalite<\/p>\n<p>La Sodalite symbolise l&rsquo;intelligence et la compr\u00e9hension. Elle permettrait de clarifier l&rsquo;esprit, soignerait les effets de l&rsquo;hypertension et stabiliserait les \u00e9motions.<\/p>\n<p>Vertus et bienfaits de la Sodalite<br \/>\n\u2022 apporterait amour et confiance en soi<br \/>\n\u2022 r\u00e9duirait les ulc\u00e8res et l\u2019hypertension<br \/>\n\u2022 apaiserait le stress<br \/>\n\u2022 faciliterait la respiration<br \/>\n\u2022 favoriserait l\u2019endormissement<br \/>\n\u2022 contribuerait \u00e0 r\u00e9duire les maux de t\u00eate<br \/>\n\u2022 r\u00e9g\u00e9n\u00e8rerait la peau<\/p>\n<p>SUR LE PLAN PHYSIQUE :<\/p>\n<p>La sodalite a beaucoup de propri\u00e9t\u00e9s en lithoth\u00e9rapie. Elle est notamment connue et reconnue pour ses vertus contre les affections de la gorge et des yeux. On l\u2019utilise tr\u00e8s souvent dans le traitement de l\u2019hypertension.<br \/>\nLa sodalite permettrait \u00e9galement de palier aux carences en calcium des personnes qui la portent. Elle en augmenterait la capacit\u00e9 d\u2019absorption et d\u2019assimilation.<br \/>\nElle permet aux nouveaux n\u00e9s de vivre une croissance \u00e9quilibr\u00e9e et aident les adolescents \u00e0 passer la pubert\u00e9 sans trop d\u2019encombres.<br \/>\nLa pierre de sodalite est reconnue pour ses vertus apaisantes et calmantes. Vous pouvez placer une pierre roul\u00e9e de sodalite sous un oreiller afin de combattre insomnie et cauchemars. Elle est \u00e9galement appr\u00e9ci\u00e9e des animaux.<\/p>\n<p>SUR LE PLAN MENTAL :<\/p>\n<p>Elle permet aux personnes manquant de confiance en elles de se sentir mieux dans leur peau. Elle apporte assurance et confiance en soi. Elle aide \u00e0 s\u2019encrer dans le moment pr\u00e9sent et \u00e0 ne pas \u00eatre parasit\u00e9 par les \u00e9l\u00e9ments ext\u00e9rieurs. Elle permet une meilleure relaxation et d\u00e9tente, elle diminue l\u2019agressivit\u00e9.<br \/>\nC\u2019est une pierre stabilisante, qui permet de rester \u00e9quilibr\u00e9 et mesur\u00e9, tant dans sa vie au quotidien que dans des prises de d\u00e9cisions importantes. Elle oriente les pens\u00e9es vers le positif et vers les bonnes solutions. Les hypersensibles appr\u00e9cient particuli\u00e8rement la sodalite qui les aide \u00e0 faire le tri dans leurs \u00e9motions.<\/p>\n<p>PURIFICATION \/ RECHARGEMENT :<\/p>\n<p>Il est conseill\u00e9 d\u2019utiliser une fleur de vie. D\u00e9posez votre pierre de sodalite sur la fleur de vie pendant quelques heures, au soleil si vous le pouvez. Votre pierre sera alors purifi\u00e9e et recharg\u00e9e en \u00e9nergies. Vous pouvez purifier la pierre avec une fleur de vie ou de la sauge blanche.<\/p>\n<p style=\"text-align: center;\">~<\/p>\n<p>\u2022 Angelite<\/p>\n<p>L\u2019Ang\u00e9lite pr\u00e9sente une couleur bleue c\u00e9leste d\u2019une grande douceur. Embl\u00e8me de s\u00e9r\u00e9nit\u00e9 et de calme int\u00e9rieur, cette gemme conf\u00e8re \u00e0 son porteur des vertus apaisantes sur le corps et l\u2019esprit.<\/p>\n<p>Vertus et bienfaits de l\u2019Ang\u00e9lite<\/p>\n<p>\u2022 Soulagerait les maux de gorge<br \/>\n\u2022 R\u00e9gulerait le syst\u00e8me endocrinien<br \/>\n\u2022 Am\u00e9liorerait la circulation sanguine<br \/>\n\u2022 D\u00e9toxifierait l\u2019organisme<br \/>\n\u2022 Renforcerait les os et les dents<br \/>\n\u2022 Stimulerait la lactation<br \/>\n\u2022 Lutterait contre le baby-blues<br \/>\n\u2022 Apaiserait la nervosit\u00e9, le stress et l\u2019anxi\u00e9t\u00e9<br \/>\n\u2022 Procurerait un sentiment de s\u00e9curit\u00e9<br \/>\n\u2022 Favoriserait la communication<br \/>\n\u2022 Am\u00e9liorerait la gestion des \u00e9motions<br \/>\n\u2022 Augmenterait la confiance en soi<br \/>\n\u2022 D\u00e9velopperait la spiritualit\u00e9<\/p>\n<p>L\u2019ensemble des signes du zodiaque peut profiter des incroyables propri\u00e9t\u00e9s de l\u2019Ang\u00e9lite. Pour autant, les natifs de la Balance, du Verseau ainsi que du G\u00e9meaux demeurent plus r\u00e9ceptifs \u00e0 ses vibrations.<\/p>\n<p>SUR LE PLAN PHYSIQUE :<\/p>\n<p>Le pouvoir doux et apaisant de l\u2019Ang\u00e9lite intervient positivement sur les affections de la gorge dont elle calme les douleurs. Elle s\u2019av\u00e8re recommand\u00e9e en cas d\u2019angine, de covid, ou encore de rhume.<br \/>\nPoss\u00e9dant \u00e9galement des vertus \u00e9quilibrantes, cette gemme r\u00e9gule les dysfonctionnements du syst\u00e8me hormonal par son action sur la thyro\u00efde, mais aussi sur le thymus.<br \/>\nL\u2019Ang\u00e9lite demeure reli\u00e9e aux fluides. Elle participe \u00e0 am\u00e9liorer la circulation sanguine et de la lymphe. Ainsi, cela garantit la bonne oxyg\u00e9nation des organes.<br \/>\nPar ailleurs, le min\u00e9ral bleu soutient les \u00e9monctoires dont le r\u00f4le reste d\u2019\u00e9liminer les toxines. C\u2019est le cas des reins, du foie, ou encore de la peau. Par cette intervention, elle facilite la d\u00e9tox du corps. En d\u00e9coule un v\u00e9ritable regain d\u2019\u00e9nergie\u2009!<br \/>\nDu fait de son importante teneur en calcium, l\u2019Ang\u00e9lite poss\u00e8de des propri\u00e9t\u00e9s remin\u00e9ralisantes. En outre, elle participe \u00e0 renforcer les os.<br \/>\nL\u2019Ang\u00e9lite a beaucoup de propri\u00e9t\u00e9s physiques, c\u2019est un atout en lithoth\u00e9rapie. Les nouvelles m\u00e8res peuvent aussi profiter de ses vertus puisque l\u2019Ang\u00e9lite demeure reconnue pour stimuler la lactation juste apr\u00e8s la naissance de l\u2019enfant. Elle repr\u00e9sente une aide si vous souhaitez allaiter plus longtemps.<\/p>\n<p>SUR LE PLAN MENTAL :<\/p>\n<p>Reli\u00e9e \u00e0 la maternit\u00e9, cette pierre prot\u00e8ge la sant\u00e9 mentale des nouvelles mamans et les aide \u00e0 lutter contre le baby-blues ou d\u00e9pression post-partum. En effet, elle permet de r\u00e9\u00e9quilibrer les taux d\u2019hormones apr\u00e8s l\u2019accouchement.<br \/>\nElle conf\u00e8re un apaisement sur la sph\u00e8re psychique, ce qui a pour effet de diminuer la nervosit\u00e9, le stress ainsi que l\u2019anxi\u00e9t\u00e9. Une grande s\u00e9r\u00e9nit\u00e9 peut alors s\u2019installer. Elle permet de porter une meilleure analyse sur les \u00e9v\u00e9nements sans se laisser envahir par ses \u00e9motions. Elle procure un intense sentiment de s\u00e9curit\u00e9 qui s\u2019av\u00e8re r\u00e9confortant dans les moments difficiles.<br \/>\nEn \u00e9tant reli\u00e9e \u00e0 la gorge, la pierre bleue favorise la communication orale. Elle perfectionne les dons d\u2019orateurs et octroie le courage n\u00e9cessaire pour prendre la parole en public. Par ailleurs, elle aide \u00e0 am\u00e9liorer la relation aux autres en d\u00e9veloppant la capacit\u00e9 d\u2019\u00e9coute ainsi que la qualit\u00e9 du discours.<br \/>\nCette pierre augmente la confiance en soi ainsi que l\u2019estime personnelle, ce qui influe positivement sur tous les domaines de vie.<br \/>\nCette gemme, \u00e0 travers son lien divin avec les anges, invite \u00e0 cultiver sa spiritualit\u00e9. Cela peut se traduire par une meilleure \u00e9coute de son intuition, mais \u00e9galement des sensations, telles que la respiration. Elle encourage et favorise la m\u00e9ditation.<\/p>\n<p>PURIFICATION :<\/p>\n<p>Nous vous conseillons de laisser reposer votre pierres d\u2019Ang\u00e9lite dans un r\u00e9cipient d\u2019eau sal\u00e9e environ une heure. Vous pouvez aussi proc\u00e9der \u00e0 un nettoyage \u00e9nerg\u00e9tique gr\u00e2ce \u00e0 la fum\u00e9e d\u2019encens ou de sauge blanche.<\/p>\n<p>RECHARGEMENT :<\/p>\n<p>Vous pouvez les exposer, le matin ou en fin d\u2019apr\u00e8s-midi, aux rayons du soleil durant une heure. Vous pouvez aussi les laisser toute une nuit sous la lumi\u00e8re de la lune.<\/p>\n","protected":false},"excerpt":{"rendered":"<p>Bracelet fait main En acier inoxydable, serti de pierre naturelle : Sodalite &amp; Angelite Version &hellip; <\/p>\n","protected":false},"featured_media":407,"comment_status":"open","ping_status":"closed","template":"","meta":[],"product_brand":[],"product_cat":[67],"product_tag":[84,20,21,83],"class_list":{"0":"post-408","1":"product","2":"type-product","3":"status-publish","4":"has-post-thumbnail","6":"product_cat-bracelet-pierre-naturelle","7":"product_tag-angelite","8":"product_tag-bleu","9":"product_tag-bracelet","10":"product_tag-sodalite","11":"latest_post","13":"first","14":"instock","15":"shipping-taxable","16":"purchasable","17":"product-type-simple"},"jetpack_sharing_enabled":true,"_links":{"self":[{"href":"https:\/\/bijouxdevalou.fr\/index.php?rest_route=\/wp\/v2\/product\/408","targetHints":{"allow":["GET"]}}],"collection":[{"href":"https:\/\/bijouxdevalou.fr\/index.php?rest_route=\/wp\/v2\/product"}],"about":[{"href":"https:\/\/bijouxdevalou.fr\/index.php?rest_route=\/wp\/v2\/types\/product"}],"replies":[{"embeddable":true,"href":"https:\/\/bijouxdevalou.fr\/index.php?rest_route=%2Fwp%2Fv2%2Fcomments&post=408"}],"wp:featuredmedia":[{"embeddable":true,"href":"https:\/\/bijouxdevalou.fr\/index.php?rest_route=\/wp\/v2\/media\/407"}],"wp:attachment":[{"href":"https:\/\/bijouxdevalou.fr\/index.php?rest_route=%2Fwp%2Fv2%2Fmedia&parent=408"}],"wp:term":[{"taxonomy":"product_brand","embeddable":true,"href":"https:\/\/bijouxdevalou.fr\/index.php?rest_route=%2Fwp%2Fv2%2Fproduct_brand&post=408"},{"taxonomy":"product_cat","embeddable":true,"href":"https:\/\/bijouxdevalou.fr\/index.php?rest_route=%2Fwp%2Fv2%2Fproduct_cat&post=408"},{"taxonomy":"product_tag","embeddable":true,"href":"https:\/\/bijouxdevalou.fr\/index.php?rest_route=%2Fwp%2Fv2%2Fproduct_tag&post=408"}],"curies":[{"name":"wp","href":"https:\/\/api.w.org\/{rel}","templated":true}]}}